{"id":46,"date":"2022-11-19T15:16:55","date_gmt":"2022-11-19T12:16:55","guid":{"rendered":"https:\/\/market.gokhanavci.com.tr\/?page_id=46"},"modified":"2022-11-23T13:41:18","modified_gmt":"2022-11-23T10:41:18","slug":"gizlilik-politikasi-2","status":"publish","type":"page","link":"https:\/\/market.gokhanavci.com.tr\/index.php\/gizlilik-politikasi-2\/","title":{"rendered":"Gizlilik Politikas\u0131"},"content":{"rendered":"<p>\u0130\u015fbu Gizlilik Politikas\u0131\u2019nda kullan\u0131lan \u201cKi\u015fisel Bilgiler\u201d terimi sizi tan\u0131mlayabilecek isminiz, do\u011fum tarihiniz, e-posta adresiniz veya posta adresiniz dahil fakat bunlarla s\u0131n\u0131rl\u0131 olmamak kayd\u0131yla kredi kart\u0131 bilgileriniz, kimlik bilgileriniz gibi bilgileri ifade etmektedir.<\/p>\n<p>market.gokhanavc\u0131.com.tr olarak biz,\u00a0 i\u015fbu gizlilik politikas\u0131 ile t\u00fcm kullan\u0131c\u0131lar\u0131m\u0131z\u0131 haklar\u0131nda market.gokhanavc\u0131.com.tr adl\u0131 internet sitesinden toplanan Ki\u015fisel Bilgilerin kullan\u0131m\u0131 ve if\u015fas\u0131 hakk\u0131nda bilgilendirmeyi hedeflemekteyiz. market.gokhanavc\u0131.com.tr olarak biz, kullan\u0131c\u0131lar\u0131m\u0131z\u0131n gizlili\u011fine de\u011fer vermekte olup, bizimle payla\u015f\u0131lan ki\u015fisel bilgilerin gizlili\u011fi ve bilgilerin g\u00fcvenli\u011fini ile ilgili kullan\u0131c\u0131lar\u0131m\u0131z\u0131n kayg\u0131lar\u0131n\u0131 sayg\u0131yla kar\u015f\u0131lamaktay\u0131z. Bu nedenle \u201cGizlilik Politikas\u0131\u201d gizlili\u011finizi korumak ve bilgi temininde g\u00fcvenli bir deneyim sa\u011flaman\u0131z i\u00e7in tasarlam\u0131\u015f olup, kullan\u0131c\u0131lar\u0131n onay\u0131 olmadan ki\u015fisel bilgilerini kullanmayacak ve Ki\u015fisel Bilgilerin kullan\u0131lmas\u0131nda, tamamen uluslararas\u0131 alanda kabul edilen mahremiyet koruma standartlar\u0131na uymay\u0131 taahh\u00fct etmektedir.<\/p>\n<p>market.gokhanavc\u0131.com.tr olarak market.gokhanavc\u0131.com.tr adl\u0131 internet sitesini kullanmadan veya bize Ki\u015fisel Bilgilerinizi iletmeden \u00f6nce kullan\u0131c\u0131lar\u0131n mevcut Gizlilik Politikas\u0131\u2019n\u0131 okumas\u0131n\u0131 rica ediyoruz. Bu gizlilik politikas\u0131 herhangi bir sebepten dolay\u0131 bildirimde bulunmaks\u0131z\u0131n zaman zaman de\u011fi\u015ftirebilir veyahut da yenilenebilir. Bizler yenilenen s\u00f6zle\u015fmeler konusunda siz kullan\u0131c\u0131lar\u0131 uyarmayabiliriz. Ancak bu durumda Gizlilik Politikas\u0131\u2019n\u0131n s\u00f6z konusu de\u011fi\u015fiklikleri yans\u0131tan g\u00fcncellenmi\u015f halinin y\u00fckleyece\u011fini belirtmek isteriz. \u0130\u015fbu sebeple g\u00fcncellenen Gizlilik Politikas\u0131 hakk\u0131nda kullan\u0131c\u0131lar\u0131n bilgi sahibi olduklar\u0131n\u0131 periyodik olarak g\u00f6zden ge\u00e7irmesini \u00f6neririz. Sizlere \u00f6nerimiz, yap\u0131lan de\u011fi\u015fikliklerden sorumlu olaca\u011f\u0131n\u0131z i\u00e7in, bu gizlilik politikas\u0131n\u0131 her kullan\u0131m \u00f6ncesi kontrol etmenizdir. market.gokhanavc\u0131.com.tr kullan\u0131c\u0131lar\u0131n izniyle Ki\u015fisel Bilgileri a\u015fa\u011f\u0131daki ama\u00e7lar i\u00e7in kullanacakt\u0131r, hi\u00e7bir durumda \u00f6ng\u00f6r\u00fclen amac\u0131n d\u0131\u015f\u0131nda kullanmayacakt\u0131r.<\/p>\n<p>Sipari\u015flerinizi almak, \u00dcr\u00fcn ve hizmetlerimizi sunmak, \u00d6demelerinizi ger\u00e7ekle\u015ftirmek, Sipari\u015fleriniz, \u00fcr\u00fcnler ve hizmetler hakk\u0131nda pazarlama amac\u0131yla sizinle irtibata ge\u00e7mek, Bilgilerinizi g\u00fcncellemek, \u00dcyeli\u011finizi y\u00f6netmek ve s\u00fcrd\u00fcrmek, \u0130lginizi \u00e7ekebilecek \u00fcr\u00fcn ve hizmetleri \u00f6nermek, 3. \u015fah\u0131slar\u0131n teknik, lojistik ve benzeri di\u011fer i\u015flevlerini bizim ad\u0131m\u0131za yerine getirmelerini sa\u011flamak, Yay\u0131nlar g\u00f6ndermek, Elektronik posta ile b\u00fclten g\u00f6ndermek ya da bildirimler de bulunmak, Sorular\u0131n\u0131z\u0131 cevaplamak ve etkin bir m\u00fc\u015fteri hizmeti sunmak, Yeni i\u00e7erikler hakk\u0131nda bilgi vermek.<\/p>\n<p>Taraf\u0131n\u0131zca payla\u015f\u0131lan Ki\u015filer Bilgiler\u2019in hi\u00e7bir durumda burada \u00f6ng\u00f6r\u00fclen ama\u00e7lar ve hizmetler d\u0131\u015f\u0131nda kullan\u0131lmayaca\u011f\u0131 belirtilmi\u015f olup, market.gokhanavc\u0131.com.tr taraf\u0131ndan iletilen i\u015fbu ticari elektronik iletileri almak istemiyor ve almay\u0131 onaylam\u0131yor iseniz market@gokhanavc\u0131.com.tr adresine e-posta g\u00f6ndererek listeden \u00e7\u0131kabilirsiniz. market.gokhanavc\u0131.com.tr bu \u015fekilde g\u00f6nderim listesinden \u00e7\u0131k\u0131\u015f\u0131n\u0131z\u0131 sa\u011flayacakt\u0131r. Bu e-posta adresinden ayr\u0131 olarak i\u015fbu ticari elektronik iletilerin herhangi bir zamanda da al\u0131m\u0131na son vermek istenmesi halinde <a href=\"https:\/\/kalelimedya.com\/iletisim\">ileti\u015fim<\/a> sayfas\u0131nda yer alan ileti\u015fim bilgileri arac\u0131l\u0131\u011f\u0131 ile market.gokhanavc\u0131.com.tr ile irtibata ge\u00e7erek isteklerinizi iletebilirsiniz.<\/p>\n<p>Toplanan mali bilgiler de; sat\u0131n ald\u0131\u011f\u0131n\u0131z \u00fcr\u00fcn ve hizmetler ile ilgili sat\u0131\u015f s\u00fcreci ve muhasebele\u015ftirilmesi i\u00e7in kullan\u0131lmaktad\u0131r. market.gokhanavc\u0131.com.tr adl\u0131 internet sitemizde bir sat\u0131n alma yapt\u0131\u011f\u0131n\u0131zda size ait mali bilgilerin, i\u015fleminizi ger\u00e7ekle\u015ftirmek i\u00e7in gerekli 3. \u015fah\u0131slara (bankalar, kredi kart\u0131 \u015firketleri vb.) verilmesini kabul etmektesiniz. Payla\u015f\u0131lacak bilgiler kredi kart\u0131 numaras\u0131, son kullanma tarihi, CVV2 de dahil gerekli t\u00fcm mali bilgileri i\u00e7erir.<\/p>\n<p>Ki\u015fisel Bilgiler ile market.gokhanavc\u0131.com.tr adl\u0131 internet sitemizden size hizmetleri verebilmek i\u00e7in temin edilen i\u015fbu bilgiler hizmetin amac\u0131na y\u00f6nelik olup, ilke olarak, \u00fc\u00e7\u00fcnc\u00fc ki\u015filere sat\u0131lmaz, kiralanmaz ya da ba\u015fka \u015fekilde kulland\u0131r\u0131lmaz ve siz bizzat aksini talep etmedi\u011finiz s\u00fcrece \u00fc\u00e7\u00fcnc\u00fc ki\u015filerle hi\u00e7bir suretle payla\u015f\u0131lmaz. \u015eu kadar ki, market.gokhanavc\u0131.com.tr y\u00fcr\u00fcrl\u00fckteki mevzuat uyar\u0131nca yetkili, idari ve resmi makamlardan usul\u00fcne uygun olarak talep gelmesi halinde size ait uhdesinde bulunan bilgilerini ilgili yetkili makamlarla payla\u015facakt\u0131r.<\/p>\n<p>market.gokhanavc\u0131.com.tr adl\u0131 internet sitemizi kulland\u0131\u011f\u0131n\u0131z andan itibaren sizden toplanan t\u00fcm bilgileri bizim belirtti\u011fimiz \u015fekilde ve nedenlerle, bu gizlilik politikas\u0131nda anlat\u0131ld\u0131\u011f\u0131 gibi, kullanmam\u0131z\u0131 kabul etmi\u015f olursunuz. Yukar\u0131daki ama\u00e7 i\u00e7in elde edilen bilgiler, tamamen sizin \u00f6zg\u00fcr iradenizle taraf\u0131m\u0131za sa\u011flanmaktad\u0131r. Bu Ki\u015fisel Bilgileri bize verip vermemekte kullan\u0131c\u0131lar serbesttir. Ancak, kullan\u0131c\u0131lara daha \u00e7abuk ve kaliteli hizmet sunabilmemiz i\u00e7in, i\u015fbu market.gokhanavc\u0131.com.tr adl\u0131 internet sitesinde kullan\u0131c\u0131lardan talep edilen bilgilerin tamam\u0131n\u0131 vermelerini \u00f6nermekteyiz. Ayr\u0131ca, talep edilen hizmetin gerektirdi\u011fi zorunlu bilgilerin verilmemesi durumunda talebin yerine getirilmesinin m\u00fcmk\u00fcn olamayaca\u011f\u0131n\u0131 dikkatlerinize sunar\u0131z. Kullan\u0131c\u0131lar taraf\u0131ndan verilen bilgilerin do\u011fru ve eksiksiz olmas\u0131 kullan\u0131c\u0131lar\u0131n sorumlulu\u011fundad\u0131r. Yanl\u0131\u015f, yan\u0131lt\u0131c\u0131 veya eksik bilgi verilmemesi rica olunur. B\u00f6yle bir durumda market.gokhanavc\u0131.com.tr hi\u00e7bir sorumluluk kabul etmeyecektir. Yanl\u0131\u015f, yan\u0131lt\u0131c\u0131 veya eksik bilgi verilmesi nedeniyle market.gokhanavc\u0131.com.tr\u2019un bir zarara u\u011framas\u0131 halinde bu zarar\u0131 tazmin y\u00fck\u00fcml\u00fcl\u00fc\u011f\u00fc kullan\u0131c\u0131lara aittir.<\/p>\n<p>Bu bilgiler ile ilgili her t\u00fcrl\u00fc kullan\u0131m T\u00fcrkiye i\u00e7inde yap\u0131lacakt\u0131r. E\u011fer bu s\u00f6zle\u015fme ile ilgili herhangi bir sorunuz veya ki\u015fisel bilgilerinizin kullan\u0131m\u0131 veya if\u015fas\u0131 ile ilgili herhangi bir d\u00fc\u015f\u00fcnceniz var ise market@gokhanavc\u0131.com.tr adresinden bize ula\u015fabilirsiniz.<\/p>\n<p>market.gokhanavc\u0131.com.tr adl\u0131 internet sitemiz market.gokhanavc\u0131.com.tr\u2019un kontrol\u00fc alt\u0131nda olmayan ba\u015fka internet sitelerine ba\u011flant\u0131 veya referans i\u00e7erebilir. Bu ba\u011flant\u0131lar\u0131n market.gokhanavc\u0131.com.tr adl\u0131 internet sitesinde yer almas\u0131, bizim bu siteler ile herhangi bir ba\u011f\u0131m\u0131z bulundu\u011fu anlam\u0131na gelmez. market.gokhanavc\u0131.com.tr, i\u015fbu internet sitelerinin i\u00e7erikleri veya i\u00e7erdikleri di\u011fer ba\u011flant\u0131lardan sorumlu de\u011fildir. Bu di\u011fer internet siteleri kullan\u0131c\u0131lar\u0131n bilgisayar\u0131na kendi \u00e7erezlerini y\u00fckleyebilir ve bilgi toplayabilirler. Di\u011fer internet siteleri kendi gizlilik ve kullan\u0131m s\u00f6zle\u015fmelerine sahiptir ve kullan\u0131c\u0131lar taraf\u0131ndan payla\u015f\u0131lan bilgileri farkl\u0131 ama\u00e7lar i\u00e7in kullanabilirler. market.gokhanavc\u0131.com.tr\u2019un tavsiyesi di\u011fer internet sitelerini kullanmadan \u00f6nce kullan\u0131c\u0131lar\u0131n s\u00f6zle\u015fmelerini okumalar\u0131d\u0131r. Bu internet sitelerinden ayr\u0131 olarak Ki\u015fisel Bilgilere ek olarak market.gokhanavc\u0131.com.tr adl\u0131 internet sitesi kullan\u0131c\u0131lar taraf\u0131ndan ziyaret edildi\u011finde kullan\u0131c\u0131lar hakk\u0131nda ba\u015fkaca bilgiler de toplanabilir, derlenebilir. Otomatik olarak derlenen te\u015fhis edebilirlik niteli\u011fine sahip olmayan bu bilgiler, cookies ad\u0131 verilen \u00e7e\u015fitli teknolojiler ile derlenmektedir. Cookies, web sitesinden bilgisayarlar\u0131n sabit diskine aktar\u0131lan k\u00fc\u00e7\u00fck \u00e7apl\u0131 metin dosyalar\u0131d\u0131r. Bu bilgileri sitemizi, ilgilendi\u011finiz ve ihtiya\u00e7 duydu\u011funuz \u00fcr\u00fcnlerimizi de\u011fi\u015ftirebilmek i\u00e7in toplamaktay\u0131z. Tercihen \u201ccookies\u201d reddetmek veya \u201ccookie\u201d g\u00f6nderildi\u011finde ikaz edilmek a\u00e7\u0131s\u0131ndan kullan\u0131c\u0131lar kendi web gezginlerini ayarlayabilirler. Girilen sitede \u201ccookie\u201dleri reddetmek, sitenin baz\u0131 alanlar\u0131n\u0131 gezmeyi veya site ziyaret edildi\u011finde ki\u015fiselle\u015ftirilmi\u015f bilgilerin al\u0131nmas\u0131n\u0131 engelleyebilir. Sitemizi ziyaret etti\u011finiz her zaman, sunucumuz taray\u0131c\u0131n\u0131z taraf\u0131ndan her sayfa g\u00f6r\u00fcnt\u00fclemenizde yollanan bilgileri kaydeder (\u201cLog bilgisi\u201d). Bu log bilgisi IP adresiniz, taray\u0131c\u0131 t\u00fcr\u00fcn\u00fcz, ziyarette bulundu\u011funuz domain, gezdi\u011finiz web siteleri ve arama kriterleriniz gibi bilgileri saklar. \u00c7o\u011fu kullan\u0131c\u0131n\u0131n IP adresi her \u00e7evirim i\u00e7i olu\u015funda de\u011fi\u015fir. Biz log bilgilerini sitemizin teknik analizini yapabilmekte ve verdi\u011fimiz hizmetin ba\u015far\u0131s\u0131n\u0131 sa\u011flayabilmekte kullanmaktay\u0131z. Biz edindi\u011fimiz ip adresini, kullan\u0131m veya gizlilik politikam\u0131z ihlal edilmedi\u011fi s\u00fcrece, herhangi bir ki\u015fisel bilgi ile e\u015fle\u015ftirmemekteyiz.<\/p>\n<p>market.gokhanavc\u0131.com.tr toplanan ve aktar\u0131lan t\u00fcm Ki\u015fisel Bilgileri korumak i\u00e7in teknolojik ve kurumsal \u00f6nlemleri al\u0131r ve bu \u00f6nlemler teknolojik geli\u015fmeye g\u00f6re s\u00fcrekli g\u00fcncellenir ve uyarlan\u0131r. Internet \u00fczerinden iletilen Ki\u015fisel Bilgiler\u2019in gizlili\u011fi konusunda mutlak bir garanti verilmesinin s\u00f6z konusu olmad\u0131\u011f\u0131n\u0131, internet \u00fczerinde Ki\u015fisel Bilgiler\u2019in iletilirken kullan\u0131c\u0131lara m\u00fcmk\u00fcn olan en \u00fcst d\u00fczey tedbir almalar\u0131n\u0131 tavsiye ediyoruz.<\/p>\n<p>market.gokhanavc\u0131.com.tr , ki\u015fisel verilere yetkisiz eri\u015fim veya bu bilgilerin kayb\u0131, hatal\u0131 kullan\u0131m\u0131, if\u015fa edilmesi, de\u011fi\u015ftirilmesi veya imha edilmesine kar\u015f\u0131 korumak i\u00e7in gerekli \u00f6nlemleri almaktad\u0131r. market.gokhanavc\u0131.com.tr ki\u015fisel verileri depolarken g\u00fcvenlik duvarlar\u0131 ve G\u00fcvenli Soket Katman\u0131 (SSL) \u015fifrelemesi gibi genel kabul g\u00f6rm\u00fc\u015f g\u00fcvenlik teknolojisi standartlar\u0131n\u0131 kullanmaktad\u0131r. Buna ek olarak, web sitesi\/mobil uygulama\/mobil sitesi arac\u0131l\u0131\u011f\u0131yla \u201cmarket.gokhanavc\u0131.com.tr\u201d\u2019a ki\u015fisel verilerinizi g\u00f6nderirken, bu veriler SSL kullan\u0131larak aktar\u0131lmaktad\u0131r. Site \u00fczerinden Havale\/EFT ile ve yan\u0131 s\u0131ra Visa, Mastercard ve BKM Express gibi kartl\u0131 \u00f6deme sistemleri ile (3D Secure \u2013 G\u00fcvenli Al\u0131\u015fveri\u015f) g\u00fcvenle sipari\u015f verilebilir.<\/p>\n<div><\/div>\n<p>market.gokhanavc\u0131.com.tr herhangi bir ihlali fark etti\u011fi anda kullan\u0131c\u0131lar\u0131 bu konuda vakit kaybetmeksizin bilgilendirir, yasalara uygun bir \u015fekilde takibinin yap\u0131lmas\u0131na olanak tan\u0131r ve bilgilerinin g\u00fcvenli\u011fini elinden gelen en iyi \u015fekilde sa\u011flar.<\/p>\n<p>market.gokhanavc\u0131.com.tr verece\u011finiz destek ile Ki\u015fisel Bilgilerinizi daima g\u00fcncel ve do\u011fru \u015fekilde tutacakt\u0131r. Ancak Ki\u015fisel Bilgilerinizin silinmesi, de\u011fi\u015ftirilmesi veyahut da g\u00fcncellenmesinin gerektirdi\u011fi hallerdemarket.gokhanavc\u0131.com.tr ile market@gokhanavc\u0131.com.tr adresinden irtibata ge\u00e7menizi ve b\u00f6ylelikle isteklerinizi iletmenizi rica ederiz.<\/p>\n<p>Bu site 18 ya\u015f alt\u0131ndaki \u00e7ocuklar i\u00e7in uygun de\u011fildir. E\u011fer bir ebeveyn \u00e7ocu\u011funun siteye kendi r\u0131zas\u0131 olmadan ki\u015fisel bilgi girdi\u011fini fark eder ise bu ki\u015fisel bilgileri bizler ile site \u00fczerinden payla\u015fabilir. Biz bilerek 18 ya\u015f alt\u0131ndaki \u00e7ocuklardan bilgi talep etmeyiz. E\u011fer herhangi bir \u015fekilde 18 ya\u015f\u0131n alt\u0131ndaki bir kullan\u0131c\u0131n\u0131n bizim ile ki\u015fisel bilgi payla\u015ft\u0131\u011f\u0131n\u0131 fark edersek, bu bilgileri sistemden sileriz.<\/p>\n<p>Gizlilik Politikam\u0131z ile ilgili her t\u00fcrl\u00fc soru ve \u00f6neriniz i\u00e7in market.gokhanavc\u0131.com.tr adl\u0131 internet sitemizdeki ileti\u015fim b\u00f6l\u00fcm\u00fcnden bize ula\u015fabilirsiniz.<\/p>\n<p>\u0130leti\u015fim bilgilerimize ula\u015fmak i\u00e7in l\u00fctfen\u00a0<a href=\"https:\/\/market.gokhanavci.com.tr\/index.php\/iletisim\/\">t\u0131klay\u0131n\u0131z<\/a>.<\/p>\n","protected":false},"excerpt":{"rendered":"<p>\u0130\u015fbu Gizlilik Politikas\u0131\u2019nda kullan\u0131lan \u201cKi\u015fisel Bilgiler\u201d terimi sizi tan\u0131mlayabilecek isminiz, do\u011fum tarihiniz, e-posta adresiniz veya posta adresiniz dahil fakat bunlarla s\u0131n\u0131rl\u0131 olmamak kayd\u0131yla kredi kart\u0131 bilgileriniz, kimlik bilgileriniz gibi bilgileri [&hellip;]<\/p>\n","protected":false},"author":1,"featured_media":0,"parent":0,"menu_order":0,"comment_status":"closed","ping_status":"closed","template":"","meta":{"footnotes":""},"class_list":["post-46","page","type-page","status-publish","hentry"],"_links":{"self":[{"href":"https:\/\/market.gokhanavci.com.tr\/index.php\/wp-json\/wp\/v2\/pages\/46","targetHints":{"allow":["GET"]}}],"collection":[{"href":"https:\/\/market.gokhanavci.com.tr\/index.php\/wp-json\/wp\/v2\/pages"}],"about":[{"href":"https:\/\/market.gokhanavci.com.tr\/index.php\/wp-json\/wp\/v2\/types\/page"}],"author":[{"embeddable":true,"href":"https:\/\/market.gokhanavci.com.tr\/index.php\/wp-json\/wp\/v2\/users\/1"}],"replies":[{"embeddable":true,"href":"https:\/\/market.gokhanavci.com.tr\/index.php\/wp-json\/wp\/v2\/comments?post=46"}],"version-history":[{"count":2,"href":"https:\/\/market.gokhanavci.com.tr\/index.php\/wp-json\/wp\/v2\/pages\/46\/revisions"}],"predecessor-version":[{"id":75,"href":"https:\/\/market.gokhanavci.com.tr\/index.php\/wp-json\/wp\/v2\/pages\/46\/revisions\/75"}],"wp:attachment":[{"href":"https:\/\/market.gokhanavci.com.tr\/index.php\/wp-json\/wp\/v2\/media?parent=46"}],"curies":[{"name":"wp","href":"https:\/\/api.w.org\/{rel}","templated":true}]}}