{"id":50,"date":"2022-11-19T15:32:43","date_gmt":"2022-11-19T12:32:43","guid":{"rendered":"https:\/\/market.gokhanavci.com.tr\/?page_id=50"},"modified":"2022-11-19T15:32:43","modified_gmt":"2022-11-19T12:32:43","slug":"mesafeli-satis-sozlesmesi","status":"publish","type":"page","link":"https:\/\/market.gokhanavci.com.tr\/index.php\/mesafeli-satis-sozlesmesi\/","title":{"rendered":"Mesafeli Sat\u0131\u015f S\u00f6zle\u015fmesi"},"content":{"rendered":"<p>MADDE 1- TARAFLAR<\/p>\n<p>1.1- SATICI<br \/>\n\u00dcnvan\u0131 : G\u00f6khan AVCI,\u00a0 E-mail : market@gokhanavc\u0131.com.tr<\/p>\n<p>1.2 -ALICI<br \/>\nmarket.gokhanavc\u0131.com.tr veritaban\u0131nda ticari ve ileti\u015fim bilgileri kay\u0131tl\u0131 sipari\u015fi veren m\u00fc\u015fteri olarak kabul edilecektir.<\/p>\n<p>MADDE 2- KONU<br \/>\n\u0130\u015fbu mesafeli sat\u0131\u015f s\u00f6zle\u015fmesinin konusu, ALICI\u2019n\u0131n SATICI\u2019ya ait https:\/\/www.market.gokhanavc\u0131.com.tr alan adl\u0131 internet sitesinden elektronik ortamda sipari\u015fini yapt\u0131\u011f\u0131 a\u015fa\u011f\u0131da nitelikleri ve sat\u0131\u015f fiyat\u0131 belirtilen \u00fcr\u00fcn\u00fcn sat\u0131\u015f\u0131 ve teslimi ile ilgili olarak 6502 say\u0131l\u0131 T\u00fcketicinin Korunmas\u0131 Hakk\u0131ndaki Kanun gere\u011fince taraflar\u0131n hak ve y\u00fck\u00fcml\u00fcl\u00fcklerinin saptanmas\u0131d\u0131r.<\/p>\n<p>MADDE 3- S\u00d6ZLE\u015eME KONUSU \u00dcR\u00dcN<br \/>\n\u0130\u015fbu s\u00f6zle\u015fmenin konusu, Al\u0131c\u0131\u2019n\u0131n Sat\u0131c\u0131\u2019ya ait www.market.gokhanavc\u0131.com.tr web sitesinden elektronik ortamda yapm\u0131\u015f oldu\u011fu, \u00fcr\u00fcn \/ \u00fcr\u00fcnlerin sat\u0131\u015f\u0131 ve teslimi T\u00fcketicinin Korunmas\u0131 Hakk\u0131ndaki Kanun ve Mesafeli S\u00f6zle\u015fmelere Dair Y\u00f6netmelik h\u00fck\u00fcmleri gere\u011fince taraflar\u0131n hak ve y\u00fck\u00fcml\u00fcl\u00fcklerinin saptanmas\u0131n\u0131 olu\u015fturur. \u00dcr\u00fcn olarak, al\u0131c\u0131n\u0131n sisteme sat\u0131n al\u0131nmas\u0131 i\u00e7in i\u015flenen \u00fcr\u00fcn kabul edilecektir.<\/p>\n<p>MADDE 4- GENEL H\u00dcK\u00dcMLER<br \/>\n4.1- ALICI, SATICI \u2018ya ait https:\/\/www.market.gokhanavc\u0131.com.tr alan adl\u0131 internet sitesinde sat\u0131\u015fa arz edilen s\u00f6zle\u015fme konusu \u00fcr\u00fcn\u00fcn(lerin) https:\/\/www.market.gokhanavc\u0131.com.tr alan adl\u0131 internet sitesinde belirtilen ve yukar\u0131da yer alan temel nitelikleri, sat\u0131\u015f fiyat\u0131, fiyatlar\u0131n ge\u00e7erlilik s\u00fcresi ve \u00f6deme \u015fekli ile teslimata ili\u015fkin \u00f6n bilgileri ve di\u011fer bilgileri okuyup do\u011fru ve eksiksiz \u015fekilde bilgi sahibi oldu\u011funu ve elektronik ortamda sat\u0131n almaya ili\u015fkin gerekli teyidi verdi\u011fini kabul ve beyan eder.<br \/>\n4.2- S\u00f6zle\u015fme konusu \u00fcr\u00fcn\/\u00fcr\u00fcnler, yasa ve y\u00f6netmeliklerle belirlenen sipari\u015fin SATICI\u2019ya ula\u015fmas\u0131n\u0131 takip eden, yasal 30 g\u00fcnl\u00fck s\u00fcreyi a\u015fmamak ko\u015fulu ile her bir \u00fcr\u00fcn i\u00e7in ALICI\u2019n\u0131n yerle\u015fim yerinin uzakl\u0131\u011f\u0131na ba\u011fl\u0131 olarak i\u015fbu 30 (otuz) g\u00fcnl\u00fck s\u00fcre i\u00e7inde ALICI veya g\u00f6sterdi\u011fi adresteki ki\u015fi\/kurulu\u015fa teslim edilir. \u015eu kadar ki, \u00f6n sipari\u015f \u00fcr\u00fcn\u00fcnde(lerinde) i\u015fbu 30 g\u00fcnl\u00fck yasal s\u00fcre ilgili \u00fcr\u00fcne ait sat\u0131\u015f sayfas\u0131nda ilan edilen sat\u0131\u015f tarihinden itibaren ba\u015flayacak olup, i\u015fbu sat\u0131\u015f tarihinde tedarik\u00e7i firma kaynakl\u0131 gecikmeler ya\u015fanabilir. \u0130\u015fbu halde SATICI ALICI\u2019y\u0131 \u00f6ncesinde yaz\u0131l\u0131 olarak bilgilendirecektir. Bu halde de ALICI sipari\u015fin iptal edilmesini veya teslimat s\u00fcresini bekleyerek sipari\u015fe konu \u00fcr\u00fcn(lerin) teslim edilmesi haklar\u0131ndan birini kullanabilir. ALICI\u2019n\u0131n sipari\u015fi iptal etmesi halinde \u00f6dedi\u011fi tutar 14 ( on d\u00f6rt ) g\u00fcn i\u00e7inde kendisine nakden ve defaten \u00f6denir. E-kitap sat\u0131\u015flar\u0131nda \u00fcr\u00fcn(ler) yasa ve y\u00f6netmeliklerle belirlenen sipari\u015fin SATICI\u2019ya ula\u015fmas\u0131n\u0131 takip eden yasal 30 g\u00fcnl\u00fck s\u00fcreyi a\u015fmamak ko\u015fulu ile i\u015fbu 30 g\u00fcnl\u00fck s\u00fcre i\u00e7inde ALICI taraf\u0131ndan bildirilen e-mail adresine teslim edilir.<br \/>\n4.3- Mesafeli sat\u0131\u015f s\u00f6zle\u015fmesine konu \u00fcr\u00fcn(ler), ALICI\u2019dan ba\u015fka bir ki\u015fi\/kurulu\u015fa teslim edilecek ise, teslim edilecek ki\u015fi\/kurulu\u015fun teslimat\u0131 kabul etmemesinden SATICI sorumlu tutulamaz.<br \/>\n4.4- SATICI, mesafeli sat\u0131\u015f s\u00f6zle\u015fmesine konu \u00fcr\u00fcn\u00fcn(lerin) sa\u011flam, eksiksiz, sipari\u015fte belirtilen niteliklere uygun ve varsa garanti belgeleri ve kullan\u0131m k\u0131lavuzlar\u0131 ile ilgili ve \u00fcr\u00fcn\u00fcn(lerin) teslim edilmesi an\u0131na kadar t\u00fcm sorumluluk SATICI\u2019ya aittir. ALICI, \u00fcr\u00fcn\u00fc(leri) teslim ald\u0131\u011f\u0131 anda kontrol etmekle ve \u00fcr\u00fcnde(lerde) kargodan kaynaklanan bir sorun g\u00f6rd\u00fc\u011f\u00fcnde, \u00fcr\u00fcn\u00fc(leri) kabul etmemekle ve kargo firmas\u0131 yetkilisine tutanak tutturmakla sorumludur.<br \/>\n4.5- Mesafeli sat\u0131\u015f s\u00f6zle\u015fmesine konu \u00fcr\u00fcn\u00fcn(lerin) teslimat\u0131 i\u00e7in i\u015fbu mesafeli sat\u0131\u015f s\u00f6zle\u015fmesinin elektronik ortamda teyit edilmi\u015f olmas\u0131 ve \u00fcr\u00fcn(lerin) bedelinin ALICI\u2019n\u0131n tercih etti\u011fi \u00f6deme \u015fekli ile \u00f6denmi\u015f olmas\u0131 \u015fartt\u0131r. Herhangi bir nedenle \u00fcr\u00fcn bedeli \u00f6denmez veya banka kay\u0131tlar\u0131nda iptal edilir ise, SATICI \u00fcr\u00fcn\u00fcn teslimi y\u00fck\u00fcml\u00fcl\u00fc\u011f\u00fcnden kurtulmu\u015f kabul edilir.<br \/>\n4.6- Mesafeli sat\u0131\u015f s\u00f6zle\u015fmesine konu \u00fcr\u00fcne(lere) ili\u015fkin \u00f6demenin ALICI taraf\u0131ndan kredi kart\u0131 ile yap\u0131lmas\u0131 durumunda, ALICI ile kredi kart\u0131 sahibinin ya da \u00fcr\u00fcn\u00fcn teslim edilece\u011fi ki\u015finin farkl\u0131 olmas\u0131ndan kaynaklanabilecek olan, kredi kart\u0131n\u0131n yetkisiz ki\u015filerce haks\u0131z ve hukuka ayk\u0131r\u0131 olarak kullan\u0131lmas\u0131 da dahil olmak \u00fczere t\u00fcrl\u00fc hukuki risk, ALICI\u2019ya aittir. ALICI, bahsi ge\u00e7en durumlarda herhangi bir \u015fekilde zarara u\u011framas\u0131 halinde SATICI\u2019dan hi\u00e7bir talepte bulunmayaca\u011f\u0131n\u0131 kabul ve taahh\u00fct eder.<br \/>\n4.7- ALICI taraf\u0131ndan, mesafeli sat\u0131\u015f s\u00f6zle\u015fmesine konu \u00fcr\u00fcne(lere) ili\u015fkin \u00f6demenin herhangi bir Banka\u2019ya ait ATM cihaz\u0131ndan ya da \u015fubesinden \u201chesaba yat\u0131rma\u201d \u015feklinde yap\u0131lmas\u0131 durumunda, \u00fcr\u00fcn bedelinin i\u015fbu s\u00f6zle\u015fmede belirtilen \u015fartlar \u00e7er\u00e7evesinde ALICI\u2019ya iade edilmesinin gerekti\u011fi hallerde kullan\u0131lmak \u00fczere kendisine ait bir banka hesab\u0131na ait IBAN numaras\u0131n\u0131 do\u011fru ve eksiksiz bir \u015fekilde SATICI\u2019n\u0131n market@gokhanavc\u0131.com.tr mail adresine g\u00f6ndermeyi ve SATICI taraf\u0131ndan IBAN numaras\u0131na iade yap\u0131lmas\u0131na muvafakat etti\u011fini kabul ve taahh\u00fct eder.<br \/>\n4.8- SATICI m\u00fccbir sebepler veya nakliyeyi engelleyen hava muhalefeti, ula\u015f\u0131m\u0131n kesilmesi gibi ola\u011fan\u00fcst\u00fc durumlar ve\/veya teknik sebepler vs. nedenler ile mesafeli sat\u0131\u015f s\u00f6zle\u015fmesine konu \u00fcr\u00fcn\u00fc(leri) s\u00fcresi i\u00e7inde teslim edemez ise, durumu ALICI\u2019ya 3 ( \u00fc\u00e7 ) g\u00fcn i\u00e7inde bildirmekle y\u00fck\u00fcml\u00fcd\u00fcr. Bu takdirde ALICI sipari\u015fin iptal edilmesini, mesafeli sat\u0131\u015f s\u00f6zle\u015fmesine konu \u00fcr\u00fcn\u00fcn(lerin) varsa emsali ile de\u011fi\u015ftirilmesini, ve\/veya teslimat s\u00fcresinin engelleyici durumun ortadan kalkmas\u0131na kadar ertelenmesi haklar\u0131ndan birini kullanabilir. ALICI\u2019n\u0131n sipari\u015fi iptal etmesi halinde \u00f6dedi\u011fi tutar 14 (on d\u00f6rt)g\u00fcn i\u00e7inde kendisine nakten ve defaten \u00f6denir.<br \/>\n4.9- ALICI talep ve \u015fik\u00e2yetlerini yukar\u0131daki SATICI telefon ve e-posta adreslerine iletebilir ve garanti belgesi ile sat\u0131lan \u00fcr\u00fcnlerden olan veya olmayan \u00fcr\u00fcnlerin ar\u0131zal\u0131 veya bozuk olanlar, garanti \u015fartlar\u0131 i\u00e7inde gerekli onar\u0131m\u0131n yap\u0131lmas\u0131 i\u00e7in de SATICI\u2019ya ait adrese kargo bedeli \u00f6demeksizin g\u00f6nderimde bulunabilir.<br \/>\n4.10- ALICI, T\u00fcrkiye Cumhuriyeti s\u0131n\u0131rlar\u0131 d\u0131\u015f\u0131nda ikamet etmekte\/bulunmakta ve\/veya \u00fcr\u00fcn\u00fcn teslim edilece\u011fi adres T\u00fcrkiye Cumhuriyeti s\u0131n\u0131rlar\u0131 d\u0131\u015f\u0131nda bulunmakta ise, ikamet etti\u011fi\/bulundu\u011fu ve\/veya \u00fcr\u00fcn\u00fcn teslim edilece\u011fi \u00fclkenin s\u00f6z konusu \u00fcr\u00fcn\u00fcn al\u0131m\u0131 nedeniyle yasa, y\u00f6netmelik ve ilgili yasal d\u00fczenlemeleri uyar\u0131nca tahakkuk ettirece\u011fi g\u00fcmr\u00fck vergisi, har\u00e7 ve sair her t\u00fcrl\u00fc mali y\u00fck\u00fcml\u00fcl\u00fc\u011f\u00fcn kendisine ait olaca\u011f\u0131n\u0131, \u00fcr\u00fcn\u00fcn teslim edilebilmesi i\u00e7in talep olunacak t\u00fcm \u00f6demeleri derhal ve aynen yerine getirece\u011fini \u015fimdiden kabul, beyan ve taahh\u00fct eder. Ayr\u0131ca ALICI\u2019n\u0131n adresi SATICI\u2019n\u0131n anla\u015fmal\u0131 oldu\u011fu kargo firmas\u0131n\u0131n da\u011f\u0131t\u0131m alan\u0131n\u0131n d\u0131\u015f\u0131nda kalmakta ise, ALICI dilerse \u00fcr\u00fcn\u00fcn teslim edilebilmesi i\u00e7in talep olunacak t\u00fcm masraf ve bedelleri \u00f6demeyi veya SATICI\u2019n\u0131n anla\u015fmal\u0131 oldu\u011fu kargo firmas\u0131n\u0131n ilgili \u015fubesinden sat\u0131\u015fa konu olan \u00fcr\u00fcn\/\u00fcr\u00fcnleri i\u015f bu mesafeli sat\u0131\u015f s\u00f6zle\u015fmesinde yer alan al\u0131c\u0131\/al\u0131c\u0131lar taraf\u0131ndan bizzat teslim al\u0131naca\u011f\u0131n\u0131 \u015fimdiden kabul, beyan ve taahh\u00fct eder. \u0130\u015fbu durum hakk\u0131nda ALICI SATICI\u2019n\u0131n anla\u015fmal\u0131 oldu\u011fu kargo firmas\u0131 taraf\u0131ndan \u00f6ncesinde bilgilendirilecek olup, ALICI dilerse s\u00f6zle\u015fmeden d\u00f6nebilir.<br \/>\n4.11- ALICI, e-kitap dahil sat\u0131n ald\u0131\u011f\u0131 \u00fcr\u00fcn\/\u00fcr\u00fcnleri kullanabilece\u011fi elektronik ortam, ara\u00e7, program, yaz\u0131l\u0131m ve ekipmanlar\u0131n kendisi taraf\u0131ndan sa\u011flanaca\u011f\u0131n\u0131 ve kendi kusuru olsun veya olmas\u0131n olu\u015fabilecek teknik eksiklik ve ar\u0131zalardan SATICI\u2019n\u0131n sorumlu olmayaca\u011f\u0131n\u0131 kabul, beyan ve taahh\u00fct eder.<br \/>\n4.12- ALICI taraf\u0131ndan sat\u0131n al\u0131nan \u00fcr\u00fcn\/\u00fcr\u00fcnlerin tamam\u0131, bir k\u0131sm\u0131 ve\/veya \u00fcr\u00fcnden elde edilen herhangi bir bilgi, yaz\u0131l\u0131m veya hizmet de\u011fi\u015ftirilemez, kopyalanamaz, da\u011f\u0131t\u0131lamaz, \u00e7o\u011falt\u0131lamaz, yay\u0131nlanamaz, t\u00fcrev niteli\u011finde \u00e7al\u0131\u015fmalara konu edilemez, aktar\u0131lamaz veya sat\u0131lamaz. ALICI i\u015fbu s\u00f6zle\u015fme ile sat\u0131n ald\u0131\u011f\u0131 \u00fcr\u00fcn\u00fc yasa d\u0131\u015f\u0131 ama\u00e7lar i\u00e7in ve\/veya bu yasaklanan \u015fekillerde kullanmayaca\u011f\u0131n\u0131 kabul ve taahh\u00fct eder. Aksi halde do\u011fabilecek t\u00fcm hukuki ve cezai sorumluluk ALICI\u2019ya ait olmakla beraber \u00fc\u00e7\u00fcnc\u00fc ki\u015filer veya yetkili merciler taraf\u0131ndan SATICI\u2019ya kar\u015f\u0131 ileri s\u00fcr\u00fclebilecek t\u00fcm iddia ve taleplere kar\u015f\u0131, SATICI\u2019n\u0131n s\u00f6z konusu izinsiz kullan\u0131mdan kaynaklanan her t\u00fcrl\u00fc tazminat ve sair talep hakk\u0131 sakl\u0131d\u0131r.<br \/>\n4.13- ALICI ve SATICI i\u015fbu mesafeli sat\u0131\u015f s\u00f6zle\u015fmesinin ba\u015f\u0131nda bahsedilen yaz\u0131\u015fma adreslerinin ge\u00e7erli tebligat adresi oldu\u011funu ve bu adrese y\u00f6neltilecek t\u00fcm tebligatlar\u0131n ge\u00e7erli addolunaca\u011f\u0131n\u0131 kabul, beyan ve taahh\u00fct eder.<br \/>\n4.14- SATICI sipari\u015f vermek i\u00e7in kullan\u0131lan www.market.gokhanavc\u0131.com.tr alan adl\u0131 internet sitesinin kullan\u0131lmas\u0131 nedeniyle, \u00fccret tarifesi ile ilgili olarak ALICI\u2019ya ilave bir maliyet y\u00fcklememektedir.<\/p>\n<p>MADDE 5- CAYMA HAKKI<br \/>\nALICI, i\u015fbu mesafeli sat\u0131\u015f s\u00f6zle\u015fmesinin 6. Maddesinde belirtilen istisnalar hari\u00e7 olmak \u00fczere mesafeli sat\u0131\u015f s\u00f6zle\u015fmesine konu \u00fcr\u00fcn\u00fcn(lerin) kendisine veya g\u00f6sterdi\u011fi adresteki ki\u015fi\/kurulu\u015fa tesliminden veya s\u00f6zle\u015fmenin imzaland\u0131\u011f\u0131 tarihten itibaren 14 g\u00fcn i\u00e7inde herhangi bir gerek\u00e7e g\u00f6stermeksizin ve cezai \u015fart \u00f6demeksizin s\u00f6zle\u015fmeden cayma hakk\u0131na sahiptir. \u0130\u015fbu 14 (on d\u00f6rt ) g\u00fcnl\u00fck s\u00fcre, mal\u0131n teslimine ili\u015fkin s\u00f6zle\u015fmelerde, t\u00fcketicinin mal\u0131 teslim ald\u0131\u011f\u0131 g\u00fcnden itibaren, di\u011fer s\u00f6zle\u015fmelerde ise s\u00f6zle\u015fmenin akdedildi\u011fi g\u00fcnden itibaren i\u015flemeye ba\u015flar. Cayma hakk\u0131n\u0131n kullan\u0131lmas\u0131 i\u00e7in bu s\u00fcre i\u00e7inde \u00fcr\u00fcn\u00fc(leri) i\u015fleyi\u015fine, teknik \u00f6zelliklerine ve kullan\u0131m talimatlar\u0131na uygun bir \u015fekilde kullanm\u0131\u015f olmak kayd\u0131yla SATICI\u2019ya a\u015fa\u011f\u0131da detaylar\u0131 belirtilen ileti\u015fim bilgileri vas\u0131tas\u0131yla ALICI yaz\u0131l\u0131 olarak bildirimde bulunmak zorundad\u0131r. Bu bildirimin SATICI\u2019ya ula\u015fmas\u0131n\u0131 takiben SATICI bildirimin kendisine ula\u015ft\u0131\u011f\u0131na ili\u015fkin teyit bilgisini ALICI ile payla\u015facak ve bildirimin ula\u015fma tarihini takiben de 14 (ond\u00f6rt) g\u00fcn i\u00e7inde SATICI cayma hakk\u0131na konu \u00fcr\u00fcn\u00fcn(lerin) bedelini \u00f6deme \u015fekline uygun bir \u015fekilde ALICI\u2019ya iade edecektir. SATICI\u2019n\u0131n yukar\u0131da belirtilen y\u00fck\u00fcml\u00fcl\u00fcklerini yerine getirmemesi h\u00e2linde, ALICI cayma hakk\u0131n\u0131 kullanmak i\u00e7in 14 (on d\u00f6rt) g\u00fcnl\u00fck s\u00fcreye ba\u011fl\u0131 de\u011fildir. Her hal\u00fckarda bu s\u00fcre cayma s\u00fcresinin bitti\u011fi tarihten itibaren bir y\u0131l sonra sona erer. Bu hakk\u0131n kullan\u0131lmas\u0131 halinde, g\u00f6sterdi\u011fi adresteki ki\u015fi\/kurulu\u015fa veya ALICI\u2019ya teslim edilen \u00fcr\u00fcn\u00fcnlerin anla\u015fmal\u0131 kargo \u015firketi arac\u0131l\u0131\u011f\u0131 ile kargo bedeli \u00f6demeksizin vergi mevzuat\u0131 gere\u011fince fatura asl\u0131n\u0131n da ibraz\u0131 ile ALICI taraf\u0131ndan SATICI\u2019ya iadesi gerekmektedir.<\/p>\n<p>G\u00f6nderim Adresi: Mustafa Kemal mahallesi leylak sokak 18\/2 Sincan \/Ankara\u00a0 E-mail : market@gokhanavc\u0131.com.tr<\/p>\n<p>MADDE 6- CAYMA HAKKI KULLANILAMAYACAK \u00dcR\u00dcNLER<br \/>\na) Fiyat\u0131 finansal piyasalardaki dalgalanmalara ba\u011fl\u0131 olarak de\u011fi\u015fen ve sat\u0131c\u0131 veya sa\u011flay\u0131c\u0131n\u0131n kontrol\u00fcnde olmayan mal veya hizmetlere ili\u015fkin s\u00f6zle\u015fmeler.\u2028b) T\u00fcketicinin istekleri veya ki\u015fisel ihtiya\u00e7lar\u0131 do\u011frultusunda haz\u0131rlanan mallara ili\u015fkin s\u00f6zle\u015fmeler.\u2028c) \u00c7abuk bozulabilen veya son kullanma tarihi ge\u00e7ebilecek mallar\u0131n teslimine ili\u015fkin s\u00f6zle\u015fmeler.\u2028\u00e7) Tesliminden sonra ambalaj, bant, m\u00fch\u00fcr, paket gibi koruyucu unsurlar\u0131 a\u00e7\u0131lm\u0131\u015f olan mallardan; iadesi sa\u011fl\u0131k ve hijyen a\u00e7\u0131s\u0131ndan uygun olmayanlar\u0131n teslimine ili\u015fkin s\u00f6zle\u015fmeler.\u2028d) Tesliminden sonra ba\u015fka \u00fcr\u00fcnlerle kar\u0131\u015fan ve do\u011fas\u0131 gere\u011fi ayr\u0131\u015ft\u0131r\u0131lmas\u0131 m\u00fcmk\u00fcn olmayan mallara ili\u015fkin s\u00f6zle\u015fmeler.\u2028e) Mal\u0131n tesliminden sonra ambalaj, bant, m\u00fch\u00fcr, paket gibi koruyucu unsurlar\u0131 a\u00e7\u0131lm\u0131\u015f olmas\u0131 halinde maddi ortamda sunulan kitap, dijital i\u00e7erik ve bilgisayar sarf malzemelerine ili\u015fkin s\u00f6zle\u015fmeler.\u2028f) Abonelik s\u00f6zle\u015fmesi kapsam\u0131nda sa\u011flananlar d\u0131\u015f\u0131nda, gazete ve dergi gibi s\u00fcreli yay\u0131nlar\u0131n teslimine ili\u015fkin s\u00f6zle\u015fmeler.\u2028g) Belirli bir tarihte veya d\u00f6nemde yap\u0131lmas\u0131 gereken, konaklama, e\u015fya ta\u015f\u0131ma, araba kiralama, yiyecek-i\u00e7ecek tedariki ve e\u011flence veya dinlenme amac\u0131yla yap\u0131lan bo\u015f zaman\u0131n de\u011ferlendirilmesine ili\u015fkin s\u00f6zle\u015fmeler.\u2028\u011f) Elektronik ortamda an\u0131nda ifa edilen hizmetler veya t\u00fcketiciye an\u0131nda teslim edilen gayrimaddi mallara ili\u015fkin s\u00f6zle\u015fmeler.\u2028h) Cayma hakk\u0131 s\u00fcresi sona ermeden \u00f6nce, t\u00fcketicinin onay\u0131 ile ifas\u0131na ba\u015flanan hizmetlere ili\u015fkin s\u00f6zle\u015fmeler.<\/p>\n<p>MADDE 7- GENEL H\u00dcK\u00dcMLER<br \/>\n18 ya\u015f\u0131ndan k\u00fc\u00e7\u00fck ki\u015filer ile ay\u0131rt etme g\u00fcc\u00fcnden yoksun veya k\u0131s\u0131tl\u0131 erginler SATICI\u2019dan al\u0131\u015f-veri\u015f yapamaz.<\/p>\n<p>MADDE 8- YETK\u0130L\u0130 MAHKEME<br \/>\n\u0130\u015fbu mesafeli sat\u0131\u015f s\u00f6zle\u015fmesinin uygulanmas\u0131ndan do\u011facak uyu\u015fmazl\u0131klarda G\u00fcmr\u00fck ve Ticaret Bakanl\u0131\u011f\u0131\u2019nca her y\u0131l Aral\u0131k ay\u0131nda ilan edilen parasal s\u0131n\u0131rlar dahilinde ALICI\u2019n\u0131n mal veya hizmeti sat\u0131n ald\u0131\u011f\u0131 veya ikametgah\u0131n\u0131n bulundu\u011fu yerdeki T\u00fcketici Sorunlar\u0131 Hakem Heyeti veya T\u00fcketici Mahkemeleri yetkilidir.<br \/>\n\u0130\u015fbu mesafeli sat\u0131\u015f s\u00f6zle\u015fmesi elektronik ortamda taraflarca okunup, kabul edilip, teyit edilmi\u015ftir. \u0130\u015fbu mesafeli sat\u0131\u015f s\u00f6zle\u015fmesinde d\u00fczenlenmemi\u015f hususlarda 6502 say\u0131l\u0131 T\u00fcketicinin Korunmas\u0131 Hakk\u0131nda Kanun ve ilgili mevzuat h\u00fck\u00fcmleri uygulan\u0131r.<\/p>\n","protected":false},"excerpt":{"rendered":"<p>MADDE 1- TARAFLAR 1.1- SATICI \u00dcnvan\u0131 : G\u00f6khan AVCI,\u00a0 E-mail : market@gokhanavc\u0131.com.tr 1.2 -ALICI market.gokhanavc\u0131.com.tr veritaban\u0131nda ticari ve ileti\u015fim bilgileri kay\u0131tl\u0131 sipari\u015fi veren m\u00fc\u015fteri olarak kabul edilecektir. MADDE 2- KONU [&hellip;]<\/p>\n","protected":false},"author":1,"featured_media":0,"parent":0,"menu_order":0,"comment_status":"closed","ping_status":"closed","template":"","meta":{"footnotes":""},"class_list":["post-50","page","type-page","status-publish","hentry"],"_links":{"self":[{"href":"https:\/\/market.gokhanavci.com.tr\/index.php\/wp-json\/wp\/v2\/pages\/50","targetHints":{"allow":["GET"]}}],"collection":[{"href":"https:\/\/market.gokhanavci.com.tr\/index.php\/wp-json\/wp\/v2\/pages"}],"about":[{"href":"https:\/\/market.gokhanavci.com.tr\/index.php\/wp-json\/wp\/v2\/types\/page"}],"author":[{"embeddable":true,"href":"https:\/\/market.gokhanavci.com.tr\/index.php\/wp-json\/wp\/v2\/users\/1"}],"replies":[{"embeddable":true,"href":"https:\/\/market.gokhanavci.com.tr\/index.php\/wp-json\/wp\/v2\/comments?post=50"}],"version-history":[{"count":1,"href":"https:\/\/market.gokhanavci.com.tr\/index.php\/wp-json\/wp\/v2\/pages\/50\/revisions"}],"predecessor-version":[{"id":51,"href":"https:\/\/market.gokhanavci.com.tr\/index.php\/wp-json\/wp\/v2\/pages\/50\/revisions\/51"}],"wp:attachment":[{"href":"https:\/\/market.gokhanavci.com.tr\/index.php\/wp-json\/wp\/v2\/media?parent=50"}],"curies":[{"name":"wp","href":"https:\/\/api.w.org\/{rel}","templated":true}]}}