{"id":65,"date":"2022-11-19T16:04:40","date_gmt":"2022-11-19T13:04:40","guid":{"rendered":"https:\/\/market.gokhanavci.com.tr\/?page_id=65"},"modified":"2022-11-19T16:15:39","modified_gmt":"2022-11-19T13:15:39","slug":"kitap","status":"publish","type":"page","link":"https:\/\/market.gokhanavci.com.tr\/index.php\/kitap\/","title":{"rendered":"kitap"},"content":{"rendered":"<p>[vc_row][vc_column mobile_bg_img_hidden=&#8221;no&#8221; tablet_bg_img_hidden=&#8221;no&#8221; woodmart_parallax=&#8221;0&#8243; woodmart_sticky_column=&#8221;false&#8221; parallax_scroll=&#8221;no&#8221; mobile_reset_margin=&#8221;no&#8221; tablet_reset_margin=&#8221;no&#8221; offset=&#8221;vc_col-xs-11&#8243;][vc_text_separator title=&#8221;K\u00fcr\u015fad\u2019lar \u0130kiyakalar\u2019a Taaruz &#8211; G\u00f6khan AVCI&#8221; i_type=&#8221;entypo&#8221; i_icon_entypo=&#8221;entypo-icon entypo-icon-book&#8221; i_color=&#8221;black&#8221; i_size=&#8221;lg&#8221; color=&#8221;black&#8221; border_width=&#8221;3&#8243; add_icon=&#8221;true&#8221;][vc_column_text]<\/p>\n<p style=\"text-align: right;\">V.1.0.2(beta)(5)<\/p>\n<p>[\/vc_column_text][\/vc_column][\/vc_row][vc_row][vc_column][vc_column_text text_larger=&#8221;no&#8221;]<\/p>\n<p><center><div class=\"_3d-flip-book  fb3d-thumbnail-lightbox-mode\" data-id=\"63\" data-mode=\"thumbnail-lightbox\" data-title=\"false\" data-template=\"short-white-book-view\" data-lightbox=\"dark\" data-urlparam=\"fb3d-page\" data-page-n=\"0\" data-pdf=\"\" data-tax=\"null\" data-thumbnail=\"\" data-cols=\"3\" data-query=\"\"><\/div><script type=\"text\/javascript\">window.FB3D_CLIENT_DATA = window.FB3D_CLIENT_DATA || [];window.FB3D_CLIENT_DATA.push('eyJwb3N0cyI6eyI2MyI6eyJJRCI6NjMsInRpdGxlIjoiS1x1MDBmY3JcdTAxNWZhZGxhciIsInR5cGUiOiJwZGYiLCJyZWFkeV9mdW5jdGlvbiI6IiIsImJvb2tfc3R5bGUiOiJ2b2x1bWUtcGFkZGluZ3MiLCJkYXRhIjp7InBvc3RfSUQiOiI2NyIsImd1aWQiOiJodHRwczpcL1wvbWFya2V0Lmdva2hhbmF2Y2kuY29tLnRyXC93cC1jb250ZW50XC91cGxvYWRzXC8yMDIyXC8xMVwva3Vyc2FkbGFyX29yZ2FuaXplZC0xLnBkZiIsInBkZl9wYWdlcyI6IjEyMiIsInBhZ2VzX2N1c3RvbWl6YXRpb24iOiJub25lIn0sInRodW1ibmFpbCI6eyJkYXRhIjp7InBvc3RfSUQiOiIwIn0sInR5cGUiOiJhdXRvIn0sInByb3BzIjp7ImNhY2hlZFBhZ2VzIjoiYXV0byIsInJlbmRlckluYWN0aXZlUGFnZXMiOiJhdXRvIiwicmVuZGVySW5hY3RpdmVQYWdlc09uTW9iaWxlIjoiYXV0byIsInJlbmRlcldoaWxlRmxpcHBpbmciOiJhdXRvIiwicHJlbG9hZFBhZ2VzIjoiYXV0byIsInJ0bCI6ImF1dG8iLCJpbnRlcmFjdGl2ZUNvcm5lcnMiOiJhdXRvIiwic2hlZXQiOnsic3RhcnRWZWxvY2l0eSI6ImF1dG8iLCJ3YXZlIjoiYXV0byIsInNoYXBlIjoiYXV0byIsIndpZHRoVGV4ZWxzIjoiYXV0byIsImNvbG9yIjoiYXV0byIsInNpZGUiOiJhdXRvIiwiY29ybmVyRGV2aWF0aW9uIjoiYXV0byIsImZsZXhpYmlsaXR5IjoiYXV0byIsImZsZXhpYmxlQ29ybmVyIjoiYXV0byIsImJlbmRpbmciOiJhdXRvIiwiaGVpZ2h0VGV4ZWxzIjoiYXV0byJ9LCJjb3ZlciI6eyJ3YXZlIjoiYXV0byIsImNvbG9yIjoiYXV0byIsImJpbmRlclRleHR1cmUiOiJhdXRvIiwiZGVwdGgiOiJhdXRvIiwicGFkZGluZyI6ImF1dG8iLCJzdGFydFZlbG9jaXR5IjoiYXV0byIsImZsZXhpYmlsaXR5IjoiYXV0byIsImZsZXhpYmxlQ29ybmVyIjoiYXV0byIsImJlbmRpbmciOiJhdXRvIiwid2lkdGhUZXhlbHMiOiJhdXRvIiwiaGVpZ2h0VGV4ZWxzIjoiYXV0byIsIm1hc3MiOiJhdXRvIiwic2lkZSI6ImF1dG8iLCJzaGFwZSI6ImF1dG8ifSwicGFnZSI6eyJ3YXZlIjoiYXV0byIsImNvbG9yIjoiYXV0byIsImRlcHRoIjoiYXV0byIsInN0YXJ0VmVsb2NpdHkiOiJhdXRvIiwiZmxleGliaWxpdHkiOiJhdXRvIiwiZmxleGlibGVDb3JuZXIiOiJhdXRvIiwiYmVuZGluZyI6ImF1dG8iLCJ3aWR0aFRleGVscyI6ImF1dG8iLCJoZWlnaHRUZXhlbHMiOiJhdXRvIiwibWFzcyI6ImF1dG8iLCJzaWRlIjoiYXV0byIsInNoYXBlIjoiYXV0byJ9LCJoZWlnaHQiOiJhdXRvIiwid2lkdGgiOiJhdXRvIiwiZ3Jhdml0eSI6ImF1dG8iLCJwYWdlc0ZvclByZWRpY3RpbmciOiJhdXRvIn0sImNvbnRyb2xQcm9wcyI6eyJhY3Rpb25zIjp7ImNtZFNhdmUiOnsiZW5hYmxlZCI6IjAiLCJlbmFibGVkSW5OYXJyb3ciOiIwIn0sImNtZFByaW50Ijp7ImVuYWJsZWQiOiIwIiwiZW5hYmxlZEluTmFycm93IjoiMCJ9LCJjbWRTaW5nbGVQYWdlIjp7ImVuYWJsZWQiOiJhdXRvIiwiZW5hYmxlZEluTmFycm93IjoiYXV0byIsImFjdGl2ZSI6ImF1dG8iLCJhY3RpdmVGb3JNb2JpbGUiOiJhdXRvIn19fSwiYXV0b1RodW1ibmFpbCI6Imh0dHBzOlwvXC9tYXJrZXQuZ29raGFuYXZjaS5jb20udHJcL3dwLWNvbnRlbnRcL3VwbG9hZHNcLzNkLWZsaXAtYm9va1wvYXV0by10aHVtYm5haWxzXC82My5wbmciLCJwb3N0X25hbWUiOiJrdXJzYWRsYXIiLCJwb3N0X3R5cGUiOiIzZC1mbGlwLWJvb2sifX0sInBhZ2VzIjpbXSwiZmlyc3RQYWdlcyI6W119');window.FB3D_CLIENT_LOCALE && window.FB3D_CLIENT_LOCALE.render();<\/script><br \/>\n<center><\/center><\/center><\/p>\n<p style=\"text-align: center;\">[\/vc_column_text][\/vc_column][\/vc_row][vc_row][vc_column woodmart_color_scheme=&#8221;dark&#8221; woodmart_text_align=&#8221;center&#8221; mobile_bg_img_hidden=&#8221;no&#8221; tablet_bg_img_hidden=&#8221;no&#8221; woodmart_parallax=&#8221;0&#8243; woodmart_sticky_column=&#8221;false&#8221; parallax_scroll=&#8221;no&#8221; mobile_reset_margin=&#8221;no&#8221; tablet_reset_margin=&#8221;no&#8221;][vc_tta_tabs][vc_tta_section i_type=&#8221;material&#8221; i_icon_material=&#8221;vc-material vc-material-info&#8221; add_icon=&#8221;true&#8221; title=&#8221;KULLANIM&#8221; tab_id=&#8221;1615409074354-1673f591-d76c&#8221;][vc_column_text text_larger=&#8221;no&#8221;]<\/p>\n<p style=\"text-align: center;\">gokhanavc\u0131.com.tr E-Kitap sistemine ho\u015f geldiniz. E-Kitab\u0131 a\u00e7mak i\u00e7in kitab\u0131n \u00fczerine bas\u0131n\u0131z. Her t\u00fcrl\u00fc sorun ve \u00f6nerilerinizi Hesab\u0131m&gt; Destek k\u0131sm\u0131ndan iletebilirsiniz.<\/p>\n<p style=\"text-align: center;\">Kitab\u0131 tam ekran yapmak i\u00e7in tam ekran tu\u015funa bas\u0131n\u0131z.<\/p>\n<p style=\"text-align: center;\">Kitab\u0131n b\u00fct\u00fcn ayarlar\u0131n\u0131 ayarlar tu\u015funa basarak g\u00f6rebilirsiniz. Resimleri ve yaz\u0131lar\u0131 daha net g\u00f6rmek i\u00e7in Tekil sayfa modunu ayarlar k\u0131sm\u0131ndan a\u00e7abilirsiniz.<\/p>\n<p style=\"text-align: center;\">Hesab\u0131n\u0131zdan \u00e7\u0131k\u0131\u015f yapt\u0131\u011f\u0131n\u0131z zaman ayn\u0131 linkten girsenizde E-Kitaba ula\u015famazs\u0131n\u0131z. O y\u00fczden l\u00fctfen kitab\u0131 sat\u0131n ald\u0131\u011f\u0131n\u0131z hesaba giri\u015f yapt\u0131\u011f\u0131n\u0131zdan emin olun.<\/p>\n<p>[\/vc_column_text][\/vc_tta_section][vc_tta_section i_type=&#8221;material&#8221; i_icon_material=&#8221;vc-material vc-material-warning&#8221; add_icon=&#8221;true&#8221; title=&#8221;YASAL UYARI&#8221; tab_id=&#8221;1615409074355-deff6916-705a&#8221;][vc_column_text text_larger=&#8221;no&#8221;]<\/p>\n<p style=\"text-align: center;\"><strong>Kitap site \u00fczerinden her zaman okunabilir ancak kendi cihaz\u0131n\u0131za<span style=\"color: #ff0000;\">\u00a0indirilemez.<\/span><\/strong><\/p>\n<p style=\"text-align: center;\"><span style=\"color: #ff0000;\"><strong>UYARI:<\/strong><\/span><br \/>\n<strong>MESAFEL\u0130 S\u00d6ZLE\u015eMELER Y\u00d6NETMEL\u0130\u011e\u0130 Cayma Hakk\u0131n\u0131n \u0130stisnalar\u0131 B\u00f6l\u00fcm\u00fc madde 15\/\u011f\u2019ye g\u00f6re;<\/strong><\/p>\n<p style=\"text-align: center;\"><strong>Elektronik ortamda an\u0131nda ifa edilen hizmetler veya t\u00fcketiciye an\u0131nda teslim edilen gayrimaddi mallar\u0131n \u00fccret iadesi cayma hakk\u0131n\u0131n bir istisnas\u0131n\u0131 te\u015fkil etti\u011finden E-Kitap \u00fcr\u00fcnlerimizde \u00fccret iadesi yap\u0131lmamaktad\u0131r.<\/strong><\/p>\n<p>[\/vc_column_text][\/vc_tta_section][\/vc_tta_tabs][\/vc_column][\/vc_row][vc_row][vc_column offset=&#8221;vc_col-xs-12&#8243; mobile_bg_img_hidden=&#8221;no&#8221; tablet_bg_img_hidden=&#8221;no&#8221; woodmart_parallax=&#8221;0&#8243; woodmart_sticky_column=&#8221;false&#8221; parallax_scroll=&#8221;no&#8221; mobile_reset_margin=&#8221;no&#8221; tablet_reset_margin=&#8221;no&#8221;]<\/p>\n","protected":false},"excerpt":{"rendered":"<p>[vc_row][vc_column mobile_bg_img_hidden=&#8221;no&#8221; tablet_bg_img_hidden=&#8221;no&#8221; woodmart_parallax=&#8221;0&#8243; woodmart_sticky_column=&#8221;false&#8221; parallax_scroll=&#8221;no&#8221; mobile_reset_margin=&#8221;no&#8221; tablet_reset_margin=&#8221;no&#8221; offset=&#8221;vc_col-xs-11&#8243;][vc_text_separator title=&#8221;K\u00fcr\u015fad\u2019lar \u0130kiyakalar\u2019a Taaruz &#8211; G\u00f6khan AVCI&#8221; i_type=&#8221;entypo&#8221; i_icon_entypo=&#8221;entypo-icon entypo-icon-book&#8221; i_color=&#8221;black&#8221; i_size=&#8221;lg&#8221; color=&#8221;black&#8221; border_width=&#8221;3&#8243; add_icon=&#8221;true&#8221;][vc_column_text] V.1.0.2(beta)(5) [\/vc_column_text][\/vc_column][\/vc_row][vc_row][vc_column][vc_column_text text_larger=&#8221;no&#8221;] [\/vc_column_text][\/vc_column][\/vc_row][vc_row][vc_column woodmart_color_scheme=&#8221;dark&#8221; woodmart_text_align=&#8221;center&#8221; mobile_bg_img_hidden=&#8221;no&#8221; [&hellip;]<\/p>\n","protected":false},"author":1,"featured_media":0,"parent":0,"menu_order":0,"comment_status":"closed","ping_status":"closed","template":"..\/public\/views\/revslider-page-template.php","meta":{"footnotes":""},"class_list":["post-65","page","type-page","status-publish","hentry"],"_links":{"self":[{"href":"https:\/\/market.gokhanavci.com.tr\/index.php\/wp-json\/wp\/v2\/pages\/65","targetHints":{"allow":["GET"]}}],"collection":[{"href":"https:\/\/market.gokhanavci.com.tr\/index.php\/wp-json\/wp\/v2\/pages"}],"about":[{"href":"https:\/\/market.gokhanavci.com.tr\/index.php\/wp-json\/wp\/v2\/types\/page"}],"author":[{"embeddable":true,"href":"https:\/\/market.gokhanavci.com.tr\/index.php\/wp-json\/wp\/v2\/users\/1"}],"replies":[{"embeddable":true,"href":"https:\/\/market.gokhanavci.com.tr\/index.php\/wp-json\/wp\/v2\/comments?post=65"}],"version-history":[{"count":5,"href":"https:\/\/market.gokhanavci.com.tr\/index.php\/wp-json\/wp\/v2\/pages\/65\/revisions"}],"predecessor-version":[{"id":71,"href":"https:\/\/market.gokhanavci.com.tr\/index.php\/wp-json\/wp\/v2\/pages\/65\/revisions\/71"}],"wp:attachment":[{"href":"https:\/\/market.gokhanavci.com.tr\/index.php\/wp-json\/wp\/v2\/media?parent=65"}],"curies":[{"name":"wp","href":"https:\/\/api.w.org\/{rel}","templated":true}]}}